{"id":1795,"date":"2025-11-12T15:31:31","date_gmt":"2025-11-12T12:31:31","guid":{"rendered":"https:\/\/fideshealth.com\/fertijin\/?page_id=1795"},"modified":"2025-11-27T09:52:19","modified_gmt":"2025-11-27T06:52:19","slug":"dogum","status":"publish","type":"page","link":"https:\/\/fideshealth.com\/fertijin\/gebelik-takibi-ve-dogum\/dogum\/","title":{"rendered":"Do\u011fum"},"content":{"rendered":"\n<h2 class=\"wp-block-heading\"><strong>Do\u011fum Nedir?&nbsp;<\/strong><\/h2>\n\n\n\n<p><strong>Do\u011fum<\/strong>, gebelik s\u00fcrecinin sonunda bebe\u011fin d\u00fcnyaya geldi\u011fi do\u011fal bir s\u00fcre\u00e7tir. Her kad\u0131nda do\u011fum s\u00fcreci farkl\u0131l\u0131k g\u00f6sterebilir; hatta ayn\u0131 kad\u0131n\u0131n farkl\u0131 zamanlarda yapt\u0131\u011f\u0131 do\u011fumlar bile birbirinden farkl\u0131 olabilir.<br>Do\u011fumun anne ve bebek a\u00e7\u0131s\u0131ndan sa\u011fl\u0131kl\u0131 \u015fekilde ger\u00e7ekle\u015febilmesi i\u00e7in mutlaka&nbsp;<strong>deneyimli bir doktor<\/strong>&nbsp;taraf\u0131ndan&nbsp;<strong>hijyenik ko\u015fullarda<\/strong>yap\u0131lmas\u0131 gerekir.<\/p>\n\n\n\n<p>Do\u011fumun temel amac\u0131, 9 ayl\u0131k gebelik s\u00fcrecinin ard\u0131ndan bebe\u011fin sa\u011fl\u0131kl\u0131 bir \u015fekilde d\u00fcnyaya gelmesini sa\u011flamakt\u0131r. G\u00fcn\u00fcm\u00fczde&nbsp;<strong>normal do\u011fum<\/strong>,&nbsp;<strong>sezaryen do\u011fum<\/strong>,&nbsp;<strong>epidural do\u011fum<\/strong>&nbsp;ve&nbsp;<strong>suda do\u011fum<\/strong>&nbsp;gibi \u00e7e\u015fitli do\u011fum y\u00f6ntemleri uygulanmaktad\u0131r.<\/p>\n\n\n\n<h2 class=\"wp-block-heading\"><strong>Do\u011fum T\u00fcrleri Nelerdir?<\/strong><\/h2>\n\n\n\n<p>Her do\u011fum benzersizdir ve annenin sa\u011fl\u0131k durumu, bebe\u011fin konumu ve doktorun karar\u0131yla en uygun y\u00f6ntem belirlenir. En yayg\u0131n do\u011fum t\u00fcrleri \u015funlard\u0131r:<\/p>\n\n\n\n<ul class=\"wp-block-list\">\n<li><strong>Normal do\u011fum<\/strong><\/li>\n\n\n\n<li><strong>Epidural normal do\u011fum<\/strong><\/li>\n\n\n\n<li><strong>Sezaryen do\u011fum<\/strong><\/li>\n\n\n\n<li><strong>Suda do\u011fum<\/strong><\/li>\n<\/ul>\n\n\n\n<h2 class=\"wp-block-heading\"><strong>Normal Do\u011fum<\/strong><\/h2>\n\n\n\n<h3 class=\"wp-block-heading\"><strong>Normal Do\u011fum Nedir?<\/strong><\/h3>\n\n\n\n<p><strong>Normal do\u011fum<\/strong>, bebe\u011fin vajinal yoldan d\u00fcnyaya geldi\u011fi en do\u011fal do\u011fum \u015feklidir. Genellikle gebeli\u011fin&nbsp;<strong>37. ile 42. haftalar\u0131<\/strong>&nbsp;aras\u0131nda ger\u00e7ekle\u015fir.<br>Do\u011fum \u00fc\u00e7 a\u015famadan olu\u015fur:<\/p>\n\n\n\n<ol class=\"wp-block-list\">\n<li><strong>Kas\u0131lma a\u015famas\u0131<\/strong>\u00a0\u2013 Rahimde ba\u015flayan d\u00fczenli kas\u0131lmalarla rahim a\u00e7\u0131kl\u0131\u011f\u0131 artar.<\/li>\n\n\n\n<li><strong>Bebe\u011fin do\u011fumu<\/strong>\u00a0\u2013 Anne \u0131k\u0131narak bebe\u011fini d\u00fcnyaya getirir.<\/li>\n\n\n\n<li><strong>Plasentan\u0131n ayr\u0131lmas\u0131<\/strong>\u00a0\u2013 Bebe\u011fin ard\u0131ndan plasenta rahimden al\u0131n\u0131r.<\/li>\n<\/ol>\n\n\n\n<h3 class=\"wp-block-heading\"><strong>Normal Do\u011fum Belirtileri<\/strong><\/h3>\n\n\n\n<ul class=\"wp-block-list\">\n<li>Kanl\u0131 ak\u0131nt\u0131 (ni\u015fan gelmesi)<\/li>\n\n\n\n<li>Suyun gelmesi (amniyon s\u0131v\u0131s\u0131n\u0131n bo\u015falmas\u0131)<\/li>\n\n\n\n<li>D\u00fczenli sanc\u0131lar ve kas\u0131lmalar<\/li>\n\n\n\n<li>Bel ve s\u0131rt a\u011fr\u0131s\u0131<\/li>\n\n\n\n<li>S\u0131k idrara \u00e7\u0131kma hissi<\/li>\n<\/ul>\n\n\n\n<h3 class=\"wp-block-heading\"><strong>Normal Do\u011fumun Faydalar\u0131<\/strong><\/h3>\n\n\n\n<ul class=\"wp-block-list\">\n<li>Anne k\u0131sa s\u00fcrede iyile\u015fir.<\/li>\n\n\n\n<li>Do\u011fum sonras\u0131 enfeksiyon riski d\u00fc\u015f\u00fckt\u00fcr.<\/li>\n\n\n\n<li>Bebek daha g\u00fc\u00e7l\u00fc bir ba\u011f\u0131\u015f\u0131kl\u0131k sistemiyle do\u011far.<\/li>\n\n\n\n<li>Anne s\u00fct\u00fc daha h\u0131zl\u0131 gelir ve bebekle erken temas sa\u011flan\u0131r.<\/li>\n<\/ul>\n\n\n\n<h2 class=\"wp-block-heading\"><strong>Epidural Normal Do\u011fum<\/strong><\/h2>\n\n\n\n<p><strong>Epidural do\u011fum<\/strong>, annenin do\u011fum s\u0131ras\u0131nda uyan\u0131k oldu\u011fu ancak belden a\u015fa\u011f\u0131s\u0131n\u0131n uyu\u015fturuldu\u011fu bir do\u011fum y\u00f6ntemidir. \u201cA\u011fr\u0131s\u0131z do\u011fum\u201d olarak da bilinir.<br>Epidural anestezi, bel b\u00f6lgesine yerle\u015ftirilen ince bir kateter arac\u0131l\u0131\u011f\u0131yla uygulan\u0131r.<\/p>\n\n\n\n<h3 class=\"wp-block-heading\"><strong>Epidural Do\u011fumun Avantajlar\u0131<\/strong><\/h3>\n\n\n\n<ul class=\"wp-block-list\">\n<li>Anne do\u011fum s\u00fcrecinde a\u011fr\u0131 hissetmez.<\/li>\n\n\n\n<li>Do\u011fum sonras\u0131 iyile\u015fme s\u00fcresi k\u0131sad\u0131r.<\/li>\n\n\n\n<li>Normal do\u011fumun psikolojik faydalar\u0131 korunur.<\/li>\n<\/ul>\n\n\n\n<h2 class=\"wp-block-heading\"><strong>Sezaryen Do\u011fum<\/strong><\/h2>\n\n\n\n<h3 class=\"wp-block-heading\"><strong>Sezaryen Do\u011fum Nedir?<\/strong><\/h3>\n\n\n\n<p><strong>Sezaryen do\u011fum<\/strong>, normal do\u011fumun riskli oldu\u011fu durumlarda cerrahi y\u00f6ntemle yap\u0131lan do\u011fumdur. Kar\u0131n ve rahme kesi a\u00e7\u0131larak bebek al\u0131n\u0131r.<br>Genellikle&nbsp;<strong>genel veya spinal anestezi<\/strong>&nbsp;alt\u0131nda yap\u0131l\u0131r.<\/p>\n\n\n\n<h3 class=\"wp-block-heading\"><strong>Sezaryen Do\u011fum Ne Zaman Tercih Edilir?<\/strong><\/h3>\n\n\n\n<ul class=\"wp-block-list\">\n<li>Bebe\u011fin ters gelmesi<\/li>\n\n\n\n<li>Bebe\u011fin kalp at\u0131\u015flar\u0131nda d\u00fczensizlik<\/li>\n\n\n\n<li>Plasenta sorunlar\u0131<\/li>\n\n\n\n<li>Annenin sa\u011fl\u0131k durumunun riskli olmas\u0131<\/li>\n\n\n\n<li>\u00c7oklu (\u00e7o\u011ful) gebeliklerde<\/li>\n<\/ul>\n\n\n\n<h3 class=\"wp-block-heading\"><strong>Sezaryen Do\u011fumun Faydalar\u0131<\/strong><\/h3>\n\n\n\n<ul class=\"wp-block-list\">\n<li>Anne do\u011fum s\u0131ras\u0131nda a\u011fr\u0131 hissetmez.<\/li>\n\n\n\n<li>Bebe\u011fin oksijensiz kalma riski ortadan kalkar.<\/li>\n\n\n\n<li>Do\u011fum planl\u0131 bir \u015fekilde yap\u0131labilir.<\/li>\n<\/ul>\n\n\n\n<h2 class=\"wp-block-heading\"><strong>Suda Do\u011fum<\/strong><\/h2>\n\n\n\n<h3 class=\"wp-block-heading\"><strong>Suda Do\u011fum Nedir?<\/strong><\/h3>\n\n\n\n<p><strong>Suda do\u011fum<\/strong>, 35\u201337 \u00b0C s\u0131cakl\u0131ktaki su i\u00e7inde yap\u0131lan do\u011fal bir do\u011fum y\u00f6ntemidir. Il\u0131k suyun rahatlat\u0131c\u0131 etkisi sayesinde anne daha kolay ve daha az ac\u0131l\u0131 bir do\u011fum ger\u00e7ekle\u015ftirir.<br>Suda do\u011fum, hem annenin gev\u015femesine yard\u0131mc\u0131 olur hem de bebe\u011fin d\u0131\u015f d\u00fcnyaya ge\u00e7i\u015fini yumu\u015fat\u0131r.<\/p>\n\n\n\n<h3 class=\"wp-block-heading\"><strong>Suda Do\u011fumun Faydalar\u0131<\/strong><\/h3>\n\n\n\n<ul class=\"wp-block-list\">\n<li>Kaslar gev\u015fer, a\u011fr\u0131lar azal\u0131r.<\/li>\n\n\n\n<li>Vajinal kesi ihtimali d\u00fc\u015fer.<\/li>\n\n\n\n<li>Anne ve bebek do\u011fum sonras\u0131 h\u0131zl\u0131 ba\u011f kurar.<\/li>\n\n\n\n<li>Do\u011fum s\u00fcresi k\u0131salabilir.<\/li>\n<\/ul>\n\n\n\n<h3 class=\"wp-block-heading\"><strong>Suda Do\u011fum Uygulanmamas\u0131 Gereken Durumlar<\/strong><\/h3>\n\n\n\n<ul class=\"wp-block-list\">\n<li>Erken do\u011fum riski<\/li>\n\n\n\n<li>Bebe\u011fin ters durmas\u0131<\/li>\n\n\n\n<li>Enfeksiyon riski<\/li>\n\n\n\n<li>\u00c7o\u011ful gebelikler<\/li>\n<\/ul>\n\n\n\n<h2 class=\"wp-block-heading\"><strong>T\u00fcp Bebekte Do\u011fum<\/strong><\/h2>\n\n\n\n<p><a href=\"https:\/\/fideshealth.com\/fertijin\/hizmetlerimiz\/tup-bebek\/\"><strong>T\u00fcp bebek tedavisi<\/strong><\/a>&nbsp;sonras\u0131nda ger\u00e7ekle\u015fen do\u011fumlar genellikle tekil gebeliklerde&nbsp;<strong>37\u201340. haftalarda<\/strong>&nbsp;olur.<br>Do\u011fum \u015fekli, annenin sa\u011fl\u0131k durumu ve embriyo say\u0131s\u0131na g\u00f6re belirlenir.<\/p>\n\n\n\n<h3 class=\"wp-block-heading\"><strong>T\u00fcp Bebekte Normal Do\u011fum Olur mu?<\/strong><\/h3>\n\n\n\n<p>Evet, m\u00fcmk\u00fcnd\u00fcr. Tekil gebeliklerde annenin ve bebe\u011fin durumu uygunsa&nbsp;<strong>normal do\u011fum<\/strong>&nbsp;yap\u0131labilir.<br>Ancak \u00e7o\u011ful gebeliklerde genellikle&nbsp;<strong>sezaryen do\u011fum<\/strong>&nbsp;tercih edilir.<\/p>\n\n\n\n<h2 class=\"wp-block-heading\"><strong>Sonu\u00e7<\/strong><\/h2>\n\n\n\n<p>Do\u011fum, her anne i\u00e7in \u00f6zel ve benzersiz bir s\u00fcre\u00e7tir. Hangi do\u011fum y\u00f6ntemi se\u00e7ilirse se\u00e7ilsin, en \u00f6nemli unsur&nbsp;<strong>anne ve bebe\u011fin sa\u011fl\u0131\u011f\u0131d\u0131r<\/strong>.<br>Deneyimli bir kad\u0131n do\u011fum uzman\u0131 e\u015fli\u011finde, uygun ko\u015fullarda yap\u0131lan her do\u011fum g\u00fcvenli ve sa\u011fl\u0131kl\u0131 \u015fekilde tamamlanabilir.<\/p>\n\n\n\n<p><a href=\"#randevu-al\">\ud83d\udc49&nbsp;<strong>\u00dccretsiz \u00f6n g\u00f6r\u00fc\u015fme i\u00e7in hemen randevu al\u0131n<\/strong><\/a><\/p>\n","protected":false},"excerpt":{"rendered":"<p>Do\u011fum Nedir?&nbsp; Do\u011fum, gebelik s\u00fcrecinin sonunda bebe\u011fin d\u00fcnyaya geldi\u011fi do\u011fal bir s\u00fcre\u00e7tir. Her kad\u0131nda do\u011fum s\u00fcreci farkl\u0131l\u0131k g\u00f6sterebilir; hatta ayn\u0131 kad\u0131n\u0131n farkl\u0131 zamanlarda yapt\u0131\u011f\u0131 do\u011fumlar bile birbirinden farkl\u0131 olabilir.Do\u011fumun anne ve bebek a\u00e7\u0131s\u0131ndan sa\u011fl\u0131kl\u0131 \u015fekilde ger\u00e7ekle\u015febilmesi i\u00e7in mutlaka&nbsp;deneyimli bir doktor&nbsp;taraf\u0131ndan&nbsp;hijyenik ko\u015fullardayap\u0131lmas\u0131 gerekir. Do\u011fumun temel amac\u0131, 9 ayl\u0131k gebelik s\u00fcrecinin ard\u0131ndan bebe\u011fin sa\u011fl\u0131kl\u0131 bir \u015fekilde d\u00fcnyaya [&hellip;]<\/p>\n","protected":false},"author":2,"featured_media":0,"parent":1774,"menu_order":0,"comment_status":"closed","ping_status":"closed","template":"","meta":{"_acf_changed":false,"footnotes":""},"class_list":["post-1795","page","type-page","status-publish","hentry"],"acf":[],"_links":{"self":[{"href":"https:\/\/fideshealth.com\/fertijin\/wp-json\/wp\/v2\/pages\/1795","targetHints":{"allow":["GET"]}}],"collection":[{"href":"https:\/\/fideshealth.com\/fertijin\/wp-json\/wp\/v2\/pages"}],"about":[{"href":"https:\/\/fideshealth.com\/fertijin\/wp-json\/wp\/v2\/types\/page"}],"author":[{"embeddable":true,"href":"https:\/\/fideshealth.com\/fertijin\/wp-json\/wp\/v2\/users\/2"}],"replies":[{"embeddable":true,"href":"https:\/\/fideshealth.com\/fertijin\/wp-json\/wp\/v2\/comments?post=1795"}],"version-history":[{"count":0,"href":"https:\/\/fideshealth.com\/fertijin\/wp-json\/wp\/v2\/pages\/1795\/revisions"}],"up":[{"embeddable":true,"href":"https:\/\/fideshealth.com\/fertijin\/wp-json\/wp\/v2\/pages\/1774"}],"wp:attachment":[{"href":"https:\/\/fideshealth.com\/fertijin\/wp-json\/wp\/v2\/media?parent=1795"}],"curies":[{"name":"wp","href":"https:\/\/api.w.org\/{rel}","templated":true}]}}