{"id":1769,"date":"2025-11-12T14:51:58","date_gmt":"2025-11-12T11:51:58","guid":{"rendered":"https:\/\/fideshealth.com\/fertijin\/?page_id=1769"},"modified":"2025-11-27T11:10:29","modified_gmt":"2025-11-27T08:10:29","slug":"menopoz","status":"publish","type":"page","link":"https:\/\/fideshealth.com\/fertijin\/jinekoloji\/menopoz\/","title":{"rendered":"Menopoz"},"content":{"rendered":"\n<figure class=\"wp-block-embed is-type-video is-provider-youtube wp-block-embed-youtube wp-embed-aspect-4-3 wp-has-aspect-ratio\"><div class=\"wp-block-embed__wrapper\">\n<iframe title=\"Op. Dr. Seval Ta\u015fdemir-Erken menopoz fakt\u00f6rleri nelerdir?\" width=\"800\" height=\"600\" src=\"https:\/\/www.youtube.com\/embed\/hPhNRUKjmnU?feature=oembed\" frameborder=\"0\" allow=\"accelerometer; autoplay; clipboard-write; encrypted-media; gyroscope; picture-in-picture; web-share\" referrerpolicy=\"strict-origin-when-cross-origin\" allowfullscreen><\/iframe>\n<\/div><\/figure>\n\n\n\n<h2 class=\"wp-block-heading\"><strong>Menopoz Nedir?&nbsp;<\/strong><\/h2>\n\n\n\n<p><strong>FertiJin T\u00fcp Bebek Merkezi \u2013 Kad\u0131n Sa\u011fl\u0131\u011f\u0131nda Uzman Yakla\u015f\u0131m<\/strong><\/p>\n\n\n\n<p><strong>Menopoz<\/strong>, kad\u0131nlarda adet d\u00f6ng\u00fcs\u00fcn\u00fcn kal\u0131c\u0131 olarak sona erdi\u011fi, do\u011furganl\u0131\u011f\u0131n tamamland\u0131\u011f\u0131 do\u011fal bir biyolojik d\u00f6nemdir.<br>Genellikle <strong>45 ila 55 ya\u015f<\/strong> aras\u0131nda g\u00f6r\u00fcl\u00fcr, ancak her kad\u0131nda farkl\u0131 ya\u015flarda ba\u015flayabilir.<\/p>\n\n\n\n<p>Menopozun temel nedeni, yumurtal\u0131klar\u0131n <strong>\u00f6strojen \u00fcretiminin azalmas\u0131<\/strong>d\u0131r. \u00d6strojen seviyeleri d\u00fc\u015ft\u00fck\u00e7e v\u00fccutta \u00e7e\u015fitli fizyolojik ve duygusal de\u011fi\u015fiklikler ya\u015fanabilir.<\/p>\n\n\n\n<h2 class=\"wp-block-heading\"><strong>Menopozun A\u015famalar\u0131<\/strong><\/h2>\n\n\n\n<p>Menopoz s\u00fcreci \u00fc\u00e7 evrede incelenir:<\/p>\n\n\n\n<h3 class=\"wp-block-heading\"><strong>1. Perimenopoz (Ge\u00e7i\u015f D\u00f6nemi)<\/strong><\/h3>\n\n\n\n<p>Adet d\u00f6ng\u00fcs\u00fcnde d\u00fczensizliklerin ba\u015flad\u0131\u011f\u0131, yumurtal\u0131k fonksiyonlar\u0131n\u0131n azalmaya ba\u015flad\u0131\u011f\u0131 d\u00f6nemdir.<br>Bu s\u00fcre\u00e7te s\u0131cak basmas\u0131, uyku bozuklu\u011fu veya ruh hali de\u011fi\u015fimleri gibi hafif belirtiler g\u00f6r\u00fclebilir.<\/p>\n\n\n\n<h3 class=\"wp-block-heading\"><strong>2. Menopoz D\u00f6nemi<\/strong><\/h3>\n\n\n\n<p>Adetlerin tamamen kesildi\u011fi evredir. Ortalama 12 ay boyunca hi\u00e7 adet g\u00f6r\u00fclmemesi, menopozun ger\u00e7ekle\u015fti\u011fi anlam\u0131na gelir.<br>Bu d\u00f6nemde s\u0131cak basmalar\u0131, gece terlemeleri ve cinsel istekte azalma gibi belirtiler s\u0131k g\u00f6r\u00fcl\u00fcr.<\/p>\n\n\n\n<h3 class=\"wp-block-heading\"><strong>3. Postmenopoz (Menopoz Sonras\u0131 D\u00f6nem)<\/strong><\/h3>\n\n\n\n<p>Menopozdan sonraki y\u0131llard\u0131r. Hormon seviyeleri d\u00fc\u015f\u00fck kald\u0131\u011f\u0131ndan baz\u0131 semptomlar devam edebilir, ancak genellikle \u015fiddeti azal\u0131r.<\/p>\n\n\n\n<h2 class=\"wp-block-heading\"><strong>Menopoz Belirtileri<\/strong><\/h2>\n\n\n\n<p>Menopoz belirtileri ki\u015fiden ki\u015fiye de\u011fi\u015fmekle birlikte, en s\u0131k kar\u015f\u0131la\u015f\u0131lan semptomlar \u015funlard\u0131r:<\/p>\n\n\n\n<h3 class=\"wp-block-heading\"><strong>Yayg\u0131n Belirtiler<\/strong><\/h3>\n\n\n\n<ul class=\"wp-block-list\">\n<li><strong>S\u0131cak basmas\u0131 ve terleme ataklar\u0131<\/strong><\/li>\n\n\n\n<li><strong>Gece terlemeleri ve uyku bozukluklar\u0131<\/strong><\/li>\n\n\n\n<li><strong>Ruh hali de\u011fi\u015fiklikleri, irritabilite, anksiyete<\/strong><\/li>\n\n\n\n<li><strong>Adet d\u00fczensizlikleri veya tamamen kesilme<\/strong><\/li>\n\n\n\n<li><strong>Cinsel istekte azalma ve vajinal kuruluk<\/strong><\/li>\n<\/ul>\n\n\n\n<h3 class=\"wp-block-heading\"><strong>Daha Az Bilinen Belirtiler<\/strong><\/h3>\n\n\n\n<ul class=\"wp-block-list\">\n<li><strong>Kas\u0131k a\u011fr\u0131s\u0131 veya pelvik rahats\u0131zl\u0131k<\/strong><\/li>\n\n\n\n<li><strong>Sa\u00e7 d\u00f6k\u00fclmesi, ciltte kuruluk<\/strong><\/li>\n\n\n\n<li><strong>Kilo art\u0131\u015f\u0131 veya metabolizma yava\u015flamas\u0131<\/strong><\/li>\n\n\n\n<li><strong>Odaklanma g\u00fc\u00e7l\u00fc\u011f\u00fc ve haf\u0131za sorunlar\u0131<\/strong><\/li>\n<\/ul>\n\n\n\n<p>Baz\u0131 kad\u0131nlarda belirtiler \u00e7ok hafifken, baz\u0131lar\u0131nda g\u00fcnl\u00fck ya\u015fam\u0131 etkileyecek d\u00fczeyde olabilir.<\/p>\n\n\n\n<h2 class=\"wp-block-heading\"><strong>Menopoz Ne Kadar S\u00fcrer?<\/strong><\/h2>\n\n\n\n<p>Menopoz s\u00fcresi genellikle <strong>2 ila 5 y\u0131l<\/strong> aras\u0131nda de\u011fi\u015fir.<br>Ancak baz\u0131 kad\u0131nlarda bu s\u00fcre daha k\u0131sa veya uzun olabilir.<br>Bu d\u00f6nem, v\u00fccudun hormonal dengesini yeniden olu\u015fturdu\u011fu bir adaptasyon s\u00fcrecidir.<br>Zamanla belirtiler azal\u0131r ve beden yeni hormon dengesine uyum sa\u011flar.<\/p>\n\n\n\n<h2 class=\"wp-block-heading\"><strong>Erken Menopoz Nedir?<\/strong><\/h2>\n\n\n\n<p><strong>Erken menopoz<\/strong>, 40 ya\u015f\u0131ndan \u00f6nce adet d\u00f6ng\u00fcs\u00fcn\u00fcn kal\u0131c\u0131 olarak sona ermesidir.<br>Genetik fakt\u00f6rler, otoimm\u00fcn hastal\u0131klar veya cerrahi m\u00fcdahaleler erken menopozu tetikleyebilir.<\/p>\n\n\n\n<h3 class=\"wp-block-heading\">Erken Menopoz Belirtileri:<\/h3>\n\n\n\n<ul class=\"wp-block-list\">\n<li>S\u0131cak basmalar\u0131<\/li>\n\n\n\n<li>Adet d\u00fczensizlikleri<\/li>\n\n\n\n<li>Ruh hali dalgalanmalar\u0131<\/li>\n\n\n\n<li>Cinsel isteksizlik<\/li>\n\n\n\n<li>Uyku sorunlar\u0131<\/li>\n<\/ul>\n\n\n\n<p>Bu belirtiler fark edildi\u011finde, <strong>jinekolojik de\u011ferlendirme ve hormon testleri<\/strong> yap\u0131lmal\u0131d\u0131r.<br>FertiJin T\u00fcp Bebek Merkezi\u2019nde erken menopoz ve hormon dengesizliklerine y\u00f6nelik ki\u015fiye \u00f6zel tedavi planlar\u0131 uygulanmaktad\u0131r.<\/p>\n\n\n\n<p>\ud83d\udcd6 Ayr\u0131nt\u0131l\u0131 bilgi i\u00e7in: <a href=\"https:\/\/fideshealth.com\/fertijin\/kisirlik-infertilite\/kadina-bagli-kisirlik\/erken-menopoz\/\"><strong>Erken Menopoz Nedir?<\/strong><\/a><\/p>\n\n\n\n<h2 class=\"wp-block-heading\"><strong>Menopoz D\u00f6neminde Ya\u015fam Tarz\u0131 ve Do\u011fal \u00c7\u00f6z\u00fcmler<\/strong><\/h2>\n\n\n\n<p>Menopoz s\u00fcrecinde ya\u015fam kalitesini korumak i\u00e7in baz\u0131 al\u0131\u015fkanl\u0131k de\u011fi\u015fiklikleri faydal\u0131 olabilir:<\/p>\n\n\n\n<ul class=\"wp-block-list\">\n<li><strong>D\u00fczenli egzersiz:<\/strong> Kemik sa\u011fl\u0131\u011f\u0131n\u0131 korur, stres azalt\u0131r.<\/li>\n\n\n\n<li><strong>Dengeli beslenme:<\/strong> Kalsiyum ve D vitamini a\u00e7\u0131s\u0131ndan zengin beslenme \u00f6nerilir.<\/li>\n\n\n\n<li><strong>Stres y\u00f6netimi:<\/strong> Yoga, meditasyon veya nefes egzersizleri rahatlama sa\u011flar.<\/li>\n\n\n\n<li><strong>Bol su t\u00fcketimi:<\/strong> Cilt kurulu\u011funu ve halsizli\u011fi azalt\u0131r.<\/li>\n\n\n\n<li><strong>Bitkisel destekler:<\/strong> So\u011fan\u0131n flavonoidleri, soya izoflavonlar\u0131 ve ada\u00e7ay\u0131 gibi do\u011fal i\u00e7erikler destekleyici olabilir.<\/li>\n<\/ul>\n\n\n\n<p>Herhangi bir bitkisel takviye veya ila\u00e7 kullanmadan \u00f6nce <strong>doktor tavsiyesi al\u0131nmal\u0131d\u0131r.<\/strong><\/p>\n\n\n\n<h2 class=\"wp-block-heading\"><strong>Ne Zaman Doktora Ba\u015fvurmal\u0131?<\/strong><\/h2>\n\n\n\n<p>Menopoz belirtileri \u00e7o\u011fu zaman normaldir, ancak \u015fu durumlarda mutlaka bir uzmana ba\u015fvurulmal\u0131d\u0131r:<\/p>\n\n\n\n<ul class=\"wp-block-list\">\n<li>\u015eiddetli s\u0131cak basmalar\u0131 ve uykusuzluk<\/li>\n\n\n\n<li>D\u00fczensiz, yo\u011fun veya a\u011fr\u0131l\u0131 kanamalar<\/li>\n\n\n\n<li>Cinsel isteksizlik ve vajinal a\u011fr\u0131lar<\/li>\n\n\n\n<li>Kemik erimesi veya kilo art\u0131\u015f\u0131 \u015f\u00fcphesi<\/li>\n\n\n\n<li>40 ya\u015f\u0131ndan \u00f6nce adetlerin kesilmesi<\/li>\n<\/ul>\n\n\n\n<p>Erken te\u015fhis ve do\u011fru tedavi ile menopoz s\u00fcreci \u00e7ok daha rahat ge\u00e7irilebilir.<\/p>\n\n\n\n<h2 class=\"wp-block-heading\"><strong>FertiJin T\u00fcp Bebek Merkezi\u2019nde Menopoz Takibi<\/strong><\/h2>\n\n\n\n<p>FertiJin\u2019de menopoz s\u00fcreci, <strong>kad\u0131n sa\u011fl\u0131\u011f\u0131 ve endokrinoloji uzmanlar\u0131m\u0131z<\/strong> taraf\u0131ndan detayl\u0131 \u015fekilde takip edilir.<br>Hormonal denge testleri, ultrasonografi ve gerekli durumlarda ileri tetkiklerle menopozun evresi ve etkileri belirlenir.<\/p>\n\n\n\n<p>Gerekli g\u00f6r\u00fclen durumlarda <strong>hormon replasman tedavisi (HRT)<\/strong>, <strong>do\u011fal destekler<\/strong> veya <strong>ya\u015fam tarz\u0131 d\u00fczenlemeleri<\/strong> planlan\u0131r.<\/p>\n","protected":false},"excerpt":{"rendered":"<p>Menopoz Nedir?&nbsp; FertiJin T\u00fcp Bebek Merkezi \u2013 Kad\u0131n Sa\u011fl\u0131\u011f\u0131nda Uzman Yakla\u015f\u0131m Menopoz, kad\u0131nlarda adet d\u00f6ng\u00fcs\u00fcn\u00fcn kal\u0131c\u0131 olarak sona erdi\u011fi, do\u011furganl\u0131\u011f\u0131n tamamland\u0131\u011f\u0131 do\u011fal bir biyolojik d\u00f6nemdir.Genellikle 45 ila 55 ya\u015f aras\u0131nda g\u00f6r\u00fcl\u00fcr, ancak her kad\u0131nda farkl\u0131 ya\u015flarda ba\u015flayabilir. Menopozun temel nedeni, yumurtal\u0131klar\u0131n \u00f6strojen \u00fcretiminin azalmas\u0131d\u0131r. \u00d6strojen seviyeleri d\u00fc\u015ft\u00fck\u00e7e v\u00fccutta \u00e7e\u015fitli fizyolojik ve duygusal de\u011fi\u015fiklikler ya\u015fanabilir. Menopozun [&hellip;]<\/p>\n","protected":false},"author":2,"featured_media":0,"parent":1718,"menu_order":0,"comment_status":"closed","ping_status":"closed","template":"","meta":{"_acf_changed":false,"footnotes":""},"class_list":["post-1769","page","type-page","status-publish","hentry"],"acf":[],"_links":{"self":[{"href":"https:\/\/fideshealth.com\/fertijin\/wp-json\/wp\/v2\/pages\/1769","targetHints":{"allow":["GET"]}}],"collection":[{"href":"https:\/\/fideshealth.com\/fertijin\/wp-json\/wp\/v2\/pages"}],"about":[{"href":"https:\/\/fideshealth.com\/fertijin\/wp-json\/wp\/v2\/types\/page"}],"author":[{"embeddable":true,"href":"https:\/\/fideshealth.com\/fertijin\/wp-json\/wp\/v2\/users\/2"}],"replies":[{"embeddable":true,"href":"https:\/\/fideshealth.com\/fertijin\/wp-json\/wp\/v2\/comments?post=1769"}],"version-history":[{"count":0,"href":"https:\/\/fideshealth.com\/fertijin\/wp-json\/wp\/v2\/pages\/1769\/revisions"}],"up":[{"embeddable":true,"href":"https:\/\/fideshealth.com\/fertijin\/wp-json\/wp\/v2\/pages\/1718"}],"wp:attachment":[{"href":"https:\/\/fideshealth.com\/fertijin\/wp-json\/wp\/v2\/media?parent=1769"}],"curies":[{"name":"wp","href":"https:\/\/api.w.org\/{rel}","templated":true}]}}