{"id":1650,"date":"2025-11-11T05:47:43","date_gmt":"2025-11-11T02:47:43","guid":{"rendered":"https:\/\/fideshealth.com\/fertijin\/?page_id=1650"},"modified":"2025-11-27T10:29:18","modified_gmt":"2025-11-27T07:29:18","slug":"tup-tikanikligi","status":"publish","type":"page","link":"https:\/\/fideshealth.com\/fertijin\/kisirlik-infertilite\/kadina-bagli-kisirlik\/tup-tikanikligi\/","title":{"rendered":"T\u00fcp T\u0131kan\u0131kl\u0131\u011f\u0131"},"content":{"rendered":"\n<figure class=\"wp-block-embed is-type-video is-provider-youtube wp-block-embed-youtube wp-embed-aspect-16-9 wp-has-aspect-ratio\"><div class=\"wp-block-embed__wrapper\">\n<iframe title=\"T\u00fcp T\u0131kan\u0131kl\u0131\u011f\u0131 Nedir, T\u00fcp T\u0131kan\u0131kl\u0131\u011f\u0131 Belirtileri Nelerdir?\" width=\"800\" height=\"450\" src=\"https:\/\/www.youtube.com\/embed\/WIepn7vhBi4?feature=oembed\" frameborder=\"0\" allow=\"accelerometer; autoplay; clipboard-write; encrypted-media; gyroscope; picture-in-picture; web-share\" referrerpolicy=\"strict-origin-when-cross-origin\" allowfullscreen><\/iframe>\n<\/div><\/figure>\n\n\n\n<h2 class=\"wp-block-heading\"><strong>Kad\u0131na Ba\u011fl\u0131 K\u0131s\u0131rl\u0131kta T\u00fcplerde T\u0131kan\u0131kl\u0131k (Tubal Fakt\u00f6r)<\/strong><\/h2>\n\n\n\n<p>Kad\u0131na ba\u011fl\u0131 k\u0131s\u0131rl\u0131k nedenlerinin yakla\u015f\u0131k&nbsp;<strong>\u00fc\u00e7te birini olu\u015fturan durum<\/strong>,&nbsp;<strong>\u00fcreme kanallar\u0131ndaki t\u0131kan\u0131kl\u0131k<\/strong>, yani&nbsp;<strong>tubal fakt\u00f6rd\u00fcr.<\/strong><br>Rahim ile yumurtal\u0131klar aras\u0131nda yer alan&nbsp;<strong>fallop t\u00fcpleri<\/strong>, baz\u0131 nedenlerle t\u0131kanabilir veya i\u015flevini kaybedebilir.<\/p>\n\n\n\n<p>Bu durumda:<\/p>\n\n\n\n<ul class=\"wp-block-list\">\n<li>T\u00fcp, yumurtay\u0131 alamaz.<\/li>\n\n\n\n<li>Sperm, yumurtaya ula\u015famaz.<\/li>\n\n\n\n<li>D\u00f6llenme ger\u00e7ekle\u015fse bile embriyo rahme ta\u015f\u0131namaz.<\/li>\n<\/ul>\n\n\n\n<p>Sonu\u00e7 olarak gebelik olu\u015fmaz veya&nbsp;<strong>embriyo rahme ula\u015famad\u0131\u011f\u0131 i\u00e7in d\u0131\u015f gebelik<\/strong>&nbsp;geli\u015febilir.<\/p>\n\n\n\n<p><a href=\"#randevu-al\">\ud83d\udc49&nbsp;<strong>Hemen randevu al\u0131n<\/strong><\/a><\/p>\n\n\n\n<h2 class=\"wp-block-heading\"><strong>T\u00fcplerde T\u0131kan\u0131kl\u0131k Neden Olu\u015fur?<\/strong><\/h2>\n\n\n\n<p>T\u00fcplerde t\u0131kan\u0131kl\u0131\u011f\u0131n ba\u015fl\u0131ca nedenleri,&nbsp;<strong>tedavi edilmemi\u015f enfeksiyonlar<\/strong>&nbsp;ve&nbsp;<strong>cerrahi sonras\u0131 yap\u0131\u015f\u0131kl\u0131klard\u0131r.<\/strong><\/p>\n\n\n\n<p>En s\u0131k rastlanan nedenler:<\/p>\n\n\n\n<ul class=\"wp-block-list\">\n<li>Cinsel yolla bula\u015fan enfeksiyonlar (klamidya, gonore vb.)<\/li>\n\n\n\n<li>Spiral (R\u0130A) kullan\u0131m\u0131 sonras\u0131 enfeksiyon<\/li>\n\n\n\n<li>Do\u011fum veya d\u00fc\u015f\u00fck sonras\u0131 enfeksiyonlar<\/li>\n\n\n\n<li>Pelvik iltihaplanmalar<\/li>\n\n\n\n<li>Kar\u0131n ve pelvis ameliyatlar\u0131 (\u00f6zellikle apandisit veya kist operasyonlar\u0131)<\/li>\n<\/ul>\n\n\n\n<p>Bu durumlar, t\u00fcplerin hem i\u00e7 yap\u0131s\u0131nda hem de \u00e7evre dokular\u0131nda yap\u0131\u015f\u0131kl\u0131klara neden olabilir.<\/p>\n\n\n\n<h2 class=\"wp-block-heading\"><strong>T\u00fcplerde T\u0131kan\u0131kl\u0131k Belirtileri Nelerdir?<\/strong><\/h2>\n\n\n\n<p>T\u00fcplerde t\u0131kan\u0131kl\u0131k genellikle&nbsp;<strong>hi\u00e7bir belirti vermez.<\/strong><br>Kad\u0131nlar \u00e7o\u011funlukla&nbsp;<strong>gebe kalamad\u0131klar\u0131nda<\/strong>&nbsp;fark ederler.<br>Bazen \u015fu belirtiler de e\u015flik edebilir:<\/p>\n\n\n\n<ul class=\"wp-block-list\">\n<li>Regl d\u00f6neminde yo\u011fun kas\u0131k a\u011fr\u0131lar\u0131<\/li>\n\n\n\n<li>Adet d\u0131\u015f\u0131nda pelvik b\u00f6lgede a\u011fr\u0131<\/li>\n\n\n\n<li>D\u0131\u015f gebelik \u00f6yk\u00fcs\u00fc<\/li>\n<\/ul>\n\n\n\n<p>Erken te\u015fhis i\u00e7in d\u00fczenli jinekolojik kontrol ve rahim filmi b\u00fcy\u00fck \u00f6nem ta\u015f\u0131r.<\/p>\n\n\n\n<h2 class=\"wp-block-heading\"><strong>T\u00fcplerde T\u0131kan\u0131kl\u0131k Nas\u0131l Te\u015fhis Edilir?<\/strong><\/h2>\n\n\n\n<p>T\u00fcplerdeki t\u0131kan\u0131kl\u0131k hem&nbsp;<strong>klinik de\u011ferlendirme<\/strong>&nbsp;hem de&nbsp;<strong>radyolojik g\u00f6r\u00fcnt\u00fcleme<\/strong>&nbsp;ile tespit edilir.<\/p>\n\n\n\n<h3 class=\"wp-block-heading\"><strong>1.\u00a0Histerosalpingografi (HSG) \u2013 Rahim Filmi<\/strong><\/h3>\n\n\n\n<p>En s\u0131k kullan\u0131lan tan\u0131 y\u00f6ntemidir.<br>Rahim i\u00e7erisine kontrast madde verilerek r\u00f6ntgen alt\u0131nda t\u00fcplerin a\u00e7\u0131kl\u0131\u011f\u0131 de\u011ferlendirilir.<br>\u0130\u015flem ortalama&nbsp;<strong>15\u201320 dakika<\/strong>&nbsp;s\u00fcrer ve regl a\u011fr\u0131s\u0131na benzer hafif bir a\u011fr\u0131 hissedilebilir.<br>Dileyen hastalar&nbsp;<strong>hafif anestezi<\/strong>&nbsp;alt\u0131nda i\u015flem yapt\u0131rabilir.<\/p>\n\n\n\n<h3 class=\"wp-block-heading\"><strong>2.\u00a0<a href=\"https:\/\/fideshealth.com\/fertijin\/hizmetlerimiz\/laparoskopi\/\">Laparoskopi<\/a><\/strong><\/h3>\n\n\n\n<p>E\u011fer rahim filmi t\u0131kan\u0131kl\u0131k g\u00f6sterirse,&nbsp;<strong>laparoskopik cerrahi<\/strong>&nbsp;ile t\u00fcpler do\u011frudan g\u00f6r\u00fcnt\u00fclenebilir.<br>Ayn\u0131 seansta tedavi de m\u00fcmk\u00fcn olabilir.<\/p>\n\n\n\n<h2 class=\"wp-block-heading\"><strong>T\u00fcplerde T\u0131kan\u0131kl\u0131k Nas\u0131l Tedavi Edilir?<\/strong><\/h2>\n\n\n\n<p>T\u00fcplerdeki t\u0131kan\u0131kl\u0131\u011f\u0131n tedavisi,&nbsp;<strong>t\u0131kan\u0131kl\u0131\u011f\u0131n yeri ve derecesine<\/strong>&nbsp;g\u00f6re de\u011fi\u015fir.<\/p>\n\n\n\n<h3 class=\"wp-block-heading\"><strong>Mikrocerrahi (T\u00fcp A\u00e7ma Ameliyat\u0131)<\/strong><\/h3>\n\n\n\n<p>Baz\u0131 durumlarda t\u00fcpler cerrahi olarak a\u00e7\u0131labilir.<br>Ancak ba\u015far\u0131 oran\u0131, t\u00fcp\u00fcn hasar d\u00fczeyi ve hastan\u0131n ya\u015f\u0131na ba\u011fl\u0131d\u0131r.<br>\u00d6zellikle 35 ya\u015f \u00fcst\u00fc veya d\u00fc\u015f\u00fck yumurta rezervi olan hastalarda&nbsp;<strong><a href=\"https:\/\/fideshealth.com\/fertijin\/hizmetlerimiz\/tup-bebek\/\">t\u00fcp bebek<\/a>&nbsp;(IVF)<\/strong>&nbsp;tedavisi \u00f6nerilir.<\/p>\n\n\n\n<h3 class=\"wp-block-heading\"><strong>Hidrosalpenks Durumunda T\u00fcp\u00fcn Al\u0131nmas\u0131<\/strong><\/h3>\n\n\n\n<p>T\u00fcpler s\u0131v\u0131 dolarak \u015fi\u015fmi\u015fse (<strong>hidrosalpenks<\/strong>), bu durum t\u00fcp bebek ba\u015far\u0131s\u0131n\u0131 d\u00fc\u015f\u00fcr\u00fcr.<br>Bu nedenle, t\u00fcp bebek tedavisinden \u00f6nce laparoskopik y\u00f6ntemle t\u00fcplerin \u00e7\u0131kar\u0131lmas\u0131 gerekir.<\/p>\n\n\n\n<h2 class=\"wp-block-heading\"><strong>T\u00fcplerin T\u0131kal\u0131 Oldu\u011fu Ultrasonda Belli Olur mu?<\/strong><\/h2>\n\n\n\n<p>Hay\u0131r.<br><strong>Klasik ultrason<\/strong>, t\u00fcplerdeki t\u0131kan\u0131kl\u0131\u011f\u0131 g\u00f6stermez.<br>T\u00fcplerin a\u00e7\u0131k veya kapal\u0131 oldu\u011funun anla\u015f\u0131labilmesi i\u00e7in mutlaka&nbsp;<strong>ila\u00e7l\u0131 rahim filmi (HSG)<\/strong>&nbsp;veya&nbsp;<a href=\"https:\/\/fideshealth.com\/fertijin\/hizmetlerimiz\/laparoskopi\/\"><strong>laparoskopi<\/strong><\/a>&nbsp;gerekir.<br>Bu y\u00f6ntemler, t\u0131kan\u0131kl\u0131\u011f\u0131n yerini ve d\u00fczeyini net \u015fekilde ortaya koyar.<\/p>\n\n\n\n<h2 class=\"wp-block-heading\"><strong>T\u0131kal\u0131 T\u00fcpler Kendili\u011finden A\u00e7\u0131l\u0131r m\u0131?<\/strong><\/h2>\n\n\n\n<p>T\u00fcplerdeki t\u0131kan\u0131kl\u0131k&nbsp;<strong>hafif enfeksiyona ba\u011fl\u0131ysa<\/strong>, ila\u00e7 tedavisi ile a\u00e7\u0131lma m\u00fcmk\u00fcnd\u00fcr.<br>Ancak hasar b\u00fcy\u00fckse veya t\u00fcp i\u00e7 yap\u0131s\u0131 bozulmu\u015fsa,&nbsp;<strong>kendili\u011finden a\u00e7\u0131lma m\u00fcmk\u00fcn de\u011fildir.<\/strong><br>Bu gibi durumlarda mikrocerrahi veya t\u00fcp bebek tedavisi tercih edilir.<\/p>\n\n\n\n<h2 class=\"wp-block-heading\"><strong>T\u00fcplerde T\u0131kan\u0131kl\u0131k A\u011fr\u0131 Yapar m\u0131?<\/strong><\/h2>\n\n\n\n<p>Genellikle&nbsp;<strong>t\u00fcplerin t\u0131kal\u0131 olmas\u0131 a\u011fr\u0131ya neden olmaz.<\/strong><br>Ancak baz\u0131 kad\u0131nlarda&nbsp;<strong>pelvik b\u00f6lgede dolgunluk hissi veya regl a\u011fr\u0131s\u0131 benzeri \u015fikayetler<\/strong>&nbsp;g\u00f6r\u00fclebilir.<br>T\u00fcplerin t\u0131kal\u0131 olmas\u0131n\u0131n en \u00f6nemli belirtisi,&nbsp;<strong>gebelik olu\u015fmamas\u0131d\u0131r.<\/strong><\/p>\n\n\n\n<p>E\u011fer yaln\u0131zca bir t\u00fcp t\u0131kal\u0131ysa, di\u011fer t\u00fcp a\u00e7\u0131k oldu\u011fu s\u00fcrece do\u011fal gebelik m\u00fcmk\u00fcn olabilir;<br>ancak olas\u0131l\u0131k olduk\u00e7a d\u00fc\u015f\u00fckt\u00fcr.<\/p>\n\n\n\n<h2 class=\"wp-block-heading\"><strong>Sonu\u00e7: T\u00fcplerde T\u0131kan\u0131kl\u0131k Erken Tan\u0131 ile Tedavi Edilebilir<\/strong><\/h2>\n\n\n\n<p>T\u00fcplerde t\u0131kan\u0131kl\u0131k, kad\u0131n k\u0131s\u0131rl\u0131\u011f\u0131n\u0131n en \u00f6nemli nedenlerinden biridir.<br>Erken te\u015fhis ve uygun tedaviyle gebelik \u015fans\u0131 art\u0131r\u0131labilir.<br>Hastan\u0131n ya\u015f\u0131, t\u00fcp hasar\u0131 ve yumurta rezervine g\u00f6re en do\u011fru y\u00f6ntem,&nbsp;<strong>mikrocerrahi<\/strong>&nbsp;veya&nbsp;<strong>t\u00fcp bebek tedavisi<\/strong>&nbsp;olabilir.<\/p>\n\n\n\n<p>\u0130stanbul\u2019da bulunan&nbsp;<strong>FertiJin Kad\u0131n Sa\u011fl\u0131\u011f\u0131 ve T\u00fcp Bebek Merkezi<\/strong>, tubal fakt\u00f6r k\u0131s\u0131rl\u0131\u011f\u0131 ya\u015fayan hastalara \u00f6zel tedavi planlar\u0131 ile y\u00fcksek ba\u015far\u0131 oran\u0131 sunmaktad\u0131r.<\/p>\n","protected":false},"excerpt":{"rendered":"<p>Kad\u0131na Ba\u011fl\u0131 K\u0131s\u0131rl\u0131kta T\u00fcplerde T\u0131kan\u0131kl\u0131k (Tubal Fakt\u00f6r) Kad\u0131na ba\u011fl\u0131 k\u0131s\u0131rl\u0131k nedenlerinin yakla\u015f\u0131k&nbsp;\u00fc\u00e7te birini olu\u015fturan durum,&nbsp;\u00fcreme kanallar\u0131ndaki t\u0131kan\u0131kl\u0131k, yani&nbsp;tubal fakt\u00f6rd\u00fcr.Rahim ile yumurtal\u0131klar aras\u0131nda yer alan&nbsp;fallop t\u00fcpleri, baz\u0131 nedenlerle t\u0131kanabilir veya i\u015flevini kaybedebilir. Bu durumda: Sonu\u00e7 olarak gebelik olu\u015fmaz veya&nbsp;embriyo rahme ula\u015famad\u0131\u011f\u0131 i\u00e7in d\u0131\u015f gebelik&nbsp;geli\u015febilir. \ud83d\udc49&nbsp;Hemen randevu al\u0131n T\u00fcplerde T\u0131kan\u0131kl\u0131k Neden Olu\u015fur? T\u00fcplerde t\u0131kan\u0131kl\u0131\u011f\u0131n ba\u015fl\u0131ca nedenleri,&nbsp;tedavi edilmemi\u015f [&hellip;]<\/p>\n","protected":false},"author":2,"featured_media":0,"parent":1641,"menu_order":0,"comment_status":"closed","ping_status":"closed","template":"","meta":{"_acf_changed":false,"footnotes":""},"class_list":["post-1650","page","type-page","status-publish","hentry"],"acf":[],"_links":{"self":[{"href":"https:\/\/fideshealth.com\/fertijin\/wp-json\/wp\/v2\/pages\/1650","targetHints":{"allow":["GET"]}}],"collection":[{"href":"https:\/\/fideshealth.com\/fertijin\/wp-json\/wp\/v2\/pages"}],"about":[{"href":"https:\/\/fideshealth.com\/fertijin\/wp-json\/wp\/v2\/types\/page"}],"author":[{"embeddable":true,"href":"https:\/\/fideshealth.com\/fertijin\/wp-json\/wp\/v2\/users\/2"}],"replies":[{"embeddable":true,"href":"https:\/\/fideshealth.com\/fertijin\/wp-json\/wp\/v2\/comments?post=1650"}],"version-history":[{"count":0,"href":"https:\/\/fideshealth.com\/fertijin\/wp-json\/wp\/v2\/pages\/1650\/revisions"}],"up":[{"embeddable":true,"href":"https:\/\/fideshealth.com\/fertijin\/wp-json\/wp\/v2\/pages\/1641"}],"wp:attachment":[{"href":"https:\/\/fideshealth.com\/fertijin\/wp-json\/wp\/v2\/media?parent=1650"}],"curies":[{"name":"wp","href":"https:\/\/api.w.org\/{rel}","templated":true}]}}