{"id":1077,"date":"2025-09-22T11:28:59","date_gmt":"2025-09-22T08:28:59","guid":{"rendered":"https:\/\/fideshealth.com\/fertijin\/?page_id=1077"},"modified":"2025-11-27T13:46:37","modified_gmt":"2025-11-27T10:46:37","slug":"kurucularimiz","status":"publish","type":"page","link":"https:\/\/fideshealth.com\/fertijin\/hakkimizda\/kurucularimiz\/","title":{"rendered":"Kurucular\u0131m\u0131z"},"content":{"rendered":"\t\t<div data-elementor-type=\"wp-page\" data-elementor-id=\"1077\" class=\"elementor elementor-1077\" data-elementor-post-type=\"page\">\n\t\t\t\t<div class=\"elementor-element elementor-element-3436f3c e-flex e-con-boxed e-con e-parent\" data-id=\"3436f3c\" data-element_type=\"container\" data-settings=\"{&quot;background_background&quot;:&quot;classic&quot;}\">\n\t\t\t\t\t<div class=\"e-con-inner\">\n\t\t\t\t<div class=\"elementor-element elementor-element-08fb7db elementor-widget elementor-widget-ucaddon_breadcrumbs_widget\" data-id=\"08fb7db\" data-element_type=\"widget\" data-widget_type=\"ucaddon_breadcrumbs_widget.default\">\n\t\t\t\t<div class=\"elementor-widget-container\">\n\t\t\t\t\t\n<!-- start Breadcrumbs -->\n\t\t<link id='font-awesome-css' href='https:\/\/fideshealth.com\/fertijin\/wp-content\/plugins\/unlimited-elements-for-elementor-premium\/assets_libraries\/font-awesome6\/fontawesome-all.min.css' type='text\/css' rel='stylesheet' >\n\t\t<link id='font-awesome-4-shim-css' href='https:\/\/fideshealth.com\/fertijin\/wp-content\/plugins\/unlimited-elements-for-elementor-premium\/assets_libraries\/font-awesome6\/fontawesome-v4-shims.min.css' type='text\/css' rel='stylesheet' >\n\n<style>\/* widget: Breadcrumbs *\/\n\n#uc_breadcrumbs_widget_elementor_08fb7db .uc-breadcrumbs-list {\n  margin: 0;\n  padding: 0;\n  display: flex;\n  flex-wrap: wrap;\n}\n#uc_breadcrumbs_widget_elementor_08fb7db .uc-breadcrumbs-list li {\n  display: flex;\n  align-items: center;\n  list-style-type: none;\n}\n#uc_breadcrumbs_widget_elementor_08fb7db .uc-item-title {\n    position: relative;\n    display: inline-flex;\n    justify-content: center;\n    align-items: center;\n}\n#uc_breadcrumbs_widget_elementor_08fb7db .uc-item-title-inner{\n  display: flex;\n  align-items: center;\n}\n\n\n\n\n\n\n\n<\/style>\n\n\n    \t\n            <div id=\"uc_breadcrumbs_widget_elementor_08fb7db\" class=\"uc-breadcrumbs\">\n            <ul class=\"uc-breadcrumbs-list advanced\">\n                                                            <li class=\"uc-breadcrumb-item\">\n                            <a href=\"https:\/\/fideshealth.com\/fertijin\/\" class=\"uc-item-title\">\n                              <span class=\"uc-item-title-inner\">\n                                                                                                Ana Sayfa\n                              <\/span>\n                            <\/a>\n                                                    <\/li>              \t\t    \n                                                <\/ul>\n        <\/div>\n\n            \n          <script type=\"application\/ld+json\">\n          {\n            \"@context\": \"https:\/\/schema.org\",\n            \"@type\": \"BreadcrumbList\",\n            \"itemListElement\": [\n                                                {\n                    \"@type\": \"ListItem\",\n                    \"position\": 1,\n                    \"name\": \"Ana Sayfa\",\n                    \"item\": \"https:\/\/fideshealth.com\/fertijin\/\"\n                  },\n                                          ]\n          }\n          <\/script>\n            \n<!-- end Breadcrumbs -->\t\t\t\t<\/div>\n\t\t\t\t<\/div>\n\t\t\t\t\t<\/div>\n\t\t\t\t<\/div>\n\t\t<div class=\"elementor-element elementor-element-69f1e94 e-con-full e-flex e-con e-parent\" data-id=\"69f1e94\" data-element_type=\"container\">\n\t\t\t\t<div class=\"elementor-element elementor-element-d4e94aa elementor-widget elementor-widget-heading\" data-id=\"d4e94aa\" data-element_type=\"widget\" data-widget_type=\"heading.default\">\n\t\t\t\t\t<h2 class=\"elementor-heading-title elementor-size-default\">Kurucular\u0131m\u0131z<\/h2>\t\t\t\t<\/div>\n\t\t<div class=\"elementor-element elementor-element-e0abe22 e-con-full e-flex e-con e-child\" data-id=\"e0abe22\" data-element_type=\"container\">\n\t\t<div class=\"elementor-element elementor-element-08fde23 e-con-full e-flex e-con e-child\" data-id=\"08fde23\" data-element_type=\"container\">\n\t\t\t\t<div class=\"elementor-element elementor-element-1676649 elementor-widget elementor-widget-text-editor\" data-id=\"1676649\" data-element_type=\"widget\" data-widget_type=\"text-editor.default\">\n\t\t\t\t\t\t\t\t\t<p><img loading=\"lazy\" decoding=\"async\" class=\"alignright wp-image-1220\" src=\"https:\/\/fideshealth.com\/fertijin\/wp-content\/uploads\/2025\/09\/kurucularimiz.webp\" alt=\"\" width=\"600\" height=\"375\" srcset=\"https:\/\/fideshealth.com\/fertijin\/wp-content\/uploads\/2025\/09\/kurucularimiz.webp 800w, https:\/\/fideshealth.com\/fertijin\/wp-content\/uploads\/2025\/09\/kurucularimiz-300x188.webp 300w, https:\/\/fideshealth.com\/fertijin\/wp-content\/uploads\/2025\/09\/kurucularimiz-768x480.webp 768w\" sizes=\"(max-width: 600px) 100vw, 600px\" \/>Yolculu\u011fumuza ilmek ilmek dokunmu\u015f olan iki de\u011ferli ismi \u2014 Dr. I\u015f\u0131k Ta\u015fdemir ve Op. Dr. Murat Ta\u015fdemir \u2014 sayg\u0131 ve minnetle an\u0131yoruz. Onlar yaln\u0131zca bir t\u00fcp bebek merkezi kurucular\u0131 de\u011fil; umut dolu yar\u0131nlara inanan, aile kurma hayallerini ger\u00e7ek k\u0131lmak i\u00e7in yola \u00e7\u0131kan bir vizyonun mimarlar\u0131yd\u0131. Sa\u011fl\u0131k alan\u0131ndaki uluslararas\u0131 deneyimleri ve bilime olan tutkular\u0131 ile \u00e7\u0131kt\u0131klar\u0131 bu yolda, bir\u00e7ok \u00e7iftin hayal etti\u011fi o mucizeye kap\u0131 aralamay\u0131 kendilerine ama\u00e7 edinmi\u015flerdi. Ne yaz\u0131k ki, 6 Eyl\u00fcl 2002 ak\u015fam\u0131 ge\u00e7irdikleri trafik kazas\u0131 ile aram\u0131zdan ayr\u0131ld\u0131lar; ancak b\u0131rakt\u0131klar\u0131 miras, bug\u00fcn ad\u0131yla ya\u015fat\u0131lan FertiJin Kad\u0131n Sa\u011fl\u0131\u011f\u0131 ve T\u00fcp Bebek Merkezi\u2019nin her k\u00f6\u015fesinde \u2014 her yeni umut, her yeni aile ve her yeni do\u011fan bebekle \u2014 yeniden do\u011fuyor.<\/p><p>Sevgiyle, sayg\u0131yla, rahmetle\u2026<\/p>\t\t\t\t\t\t\t\t<\/div>\n\t\t\t\t<\/div>\n\t\t\t\t<\/div>\n\t\t<div class=\"elementor-element elementor-element-03679df e-con-full e-flex e-con e-child\" data-id=\"03679df\" data-element_type=\"container\" data-settings=\"{&quot;background_background&quot;:&quot;classic&quot;,&quot;background_motion_fx_motion_fx_scrolling&quot;:&quot;yes&quot;,&quot;background_motion_fx_devices&quot;:[&quot;widescreen&quot;,&quot;desktop&quot;,&quot;laptop&quot;,&quot;tablet_extra&quot;,&quot;tablet&quot;,&quot;mobile_extra&quot;,&quot;mobile&quot;]}\">\n\t\t<div class=\"elementor-element elementor-element-8728d31 e-con-full e-flex e-con e-child\" data-id=\"8728d31\" data-element_type=\"container\">\n\t\t<div class=\"elementor-element elementor-element-afdbe62 e-con-full e-flex e-con e-child\" data-id=\"afdbe62\" data-element_type=\"container\">\n\t\t\t\t<div class=\"elementor-element elementor-element-68ddda1 elementor-widget elementor-widget-heading\" data-id=\"68ddda1\" data-element_type=\"widget\" data-widget_type=\"heading.default\">\n\t\t\t\t\t<h3 class=\"elementor-heading-title elementor-size-default\">UZM. DR. I\u015eIK TA\u015eDEM\u0130R<\/h3>\t\t\t\t<\/div>\n\t\t\t\t<div class=\"elementor-element elementor-element-3e2688d elementor-widget__width-initial elementor-widget elementor-widget-heading\" data-id=\"3e2688d\" data-element_type=\"widget\" data-widget_type=\"heading.default\">\n\t\t\t\t\t<div class=\"elementor-heading-title elementor-size-default\">Mikrobiyoloji ve Enfeksiyon Hastal\u0131klar\u0131 Uzman\u0131<\/div>\t\t\t\t<\/div>\n\t\t\t\t<\/div>\n\t\t\t\t<div class=\"elementor-element elementor-element-a0fb317 elementor-widget elementor-widget-text-editor\" data-id=\"a0fb317\" data-element_type=\"widget\" data-widget_type=\"text-editor.default\">\n\t\t\t\t\t\t\t\t\t<p>\u0130zmir Amerikan Lisesi ve Hacettepe \u0130ngilizce T\u0131p Fak\u00fcltesi Mezunu olan Dr. I\u015f\u0131k Ta\u015fdemir, Mikrobiyoloji ve Enfeksiyon Hastal\u0131klar\u0131 Uzman\u0131d\u0131r. Japonya\u2019da Akita \u00dcniversitesi\u2019nde 2 y\u0131l yard\u0131mc\u0131 \u00fcreme teknikleri konusunda e\u011fitim g\u00f6rm\u00fc\u015ft\u00fcr. Daha sonra A.B.D., Singapur ve Almanya\u2019da \u00e7al\u0131\u015fmalarda bulunan Dr. Ta\u015fdemir\u2019in uluslararas\u0131 dergilerde yay\u0131nlanm\u0131\u015f bir\u00e7ok bilimsel \u00e7al\u0131\u015fmas\u0131 bulunmaktad\u0131r.<\/p><p>Ferti-Jin Kad\u0131n Sa\u011fl\u0131\u011f\u0131 ve Yard\u0131mc\u0131 \u00dcreme Teknikleri Merkezi\u2019nin kurucular\u0131ndan de\u011ferli bilim adam\u0131 Dr. I\u015f\u0131k Ta\u015fdemir, 6 Eyl\u00fcl 2002 ak\u015fam\u0131 ge\u00e7irdi\u011fi trafik kazas\u0131 sonucu e\u015fi Op. Dr. Murat Ta\u015fdemir\u2019le birlikte hayata veda etmi\u015ftir. Ruhu \u015fad olsun.<\/p>\t\t\t\t\t\t\t\t<\/div>\n\t\t\t\t<\/div>\n\t\t<div class=\"elementor-element elementor-element-64900a6 e-con-full e-flex e-con e-child\" data-id=\"64900a6\" data-element_type=\"container\">\n\t\t\t\t<div class=\"elementor-element elementor-element-2f01c03 elementor-widget elementor-widget-image\" data-id=\"2f01c03\" data-element_type=\"widget\" data-widget_type=\"image.default\">\n\t\t\t\t\t\t\t\t\t\t\t\t\t\t\t<img loading=\"lazy\" decoding=\"async\" width=\"530\" height=\"529\" src=\"https:\/\/fideshealth.com\/fertijin\/wp-content\/uploads\/2025\/09\/uzm-dr-isil-tasdemir.jpg\" class=\"attachment-large size-large wp-image-1125\" alt=\"\" srcset=\"https:\/\/fideshealth.com\/fertijin\/wp-content\/uploads\/2025\/09\/uzm-dr-isil-tasdemir.jpg 530w, https:\/\/fideshealth.com\/fertijin\/wp-content\/uploads\/2025\/09\/uzm-dr-isil-tasdemir-300x300.jpg 300w, https:\/\/fideshealth.com\/fertijin\/wp-content\/uploads\/2025\/09\/uzm-dr-isil-tasdemir-150x150.jpg 150w\" sizes=\"(max-width: 530px) 100vw, 530px\" \/>\t\t\t\t\t\t\t\t\t\t\t\t\t\t\t<\/div>\n\t\t\t\t<\/div>\n\t\t\t\t<\/div>\n\t\t<div class=\"elementor-element elementor-element-e29e220 e-con-full e-flex e-con e-child\" data-id=\"e29e220\" data-element_type=\"container\" data-settings=\"{&quot;background_background&quot;:&quot;classic&quot;,&quot;background_motion_fx_motion_fx_scrolling&quot;:&quot;yes&quot;,&quot;background_motion_fx_devices&quot;:[&quot;widescreen&quot;,&quot;desktop&quot;,&quot;laptop&quot;,&quot;tablet_extra&quot;,&quot;tablet&quot;,&quot;mobile_extra&quot;,&quot;mobile&quot;]}\">\n\t\t<div class=\"elementor-element elementor-element-0cc0992 e-con-full e-flex e-con e-child\" data-id=\"0cc0992\" data-element_type=\"container\">\n\t\t<div class=\"elementor-element elementor-element-91d0eed e-con-full e-flex e-con e-child\" data-id=\"91d0eed\" data-element_type=\"container\">\n\t\t\t\t<div class=\"elementor-element elementor-element-685256d elementor-widget elementor-widget-heading\" data-id=\"685256d\" data-element_type=\"widget\" data-widget_type=\"heading.default\">\n\t\t\t\t\t<h3 class=\"elementor-heading-title elementor-size-default\">OP. DR. MURAT TA\u015eDEM\u0130R\u200b<\/h3>\t\t\t\t<\/div>\n\t\t\t\t<div class=\"elementor-element elementor-element-2be1023 elementor-widget__width-initial elementor-widget elementor-widget-heading\" data-id=\"2be1023\" data-element_type=\"widget\" data-widget_type=\"heading.default\">\n\t\t\t\t\t<div class=\"elementor-heading-title elementor-size-default\">Kad\u0131n Hastal\u0131klar\u0131 ve Do\u011fum Uzman\u0131<\/div>\t\t\t\t<\/div>\n\t\t\t\t<\/div>\n\t\t\t\t<div class=\"elementor-element elementor-element-904d592 elementor-widget elementor-widget-text-editor\" data-id=\"904d592\" data-element_type=\"widget\" data-widget_type=\"text-editor.default\">\n\t\t\t\t\t\t\t\t\t<p>Ankara Fen Lisesi ve Hacettepe \u0130ngilizce T\u0131p Fak\u00fcltesi mezunu olan Dr. Ta\u015fdemir, Japonya Akita \u00dcniversitesi Kad\u0131n Hastal\u0131klar\u0131 ve Do\u011fum B\u00f6l\u00fcm\u00fc\u2019nde Japon H\u00fck\u00fcmeti\u2019nin \u015eeref Bursiyeri olarak iki y\u0131l T\u00fcp Bebek ve Mikroenjeksiyon konusunda \u00e7al\u0131\u015fmalar yapm\u0131\u015ft\u0131r. Ayr\u0131ca North Carolina \u00dcniversitesi, Reproduktif Endokrinoloji ve Fertilite B\u00f6l\u00fcm\u00fc ve Philedelphia \u00dcniversitesi \u00dcreme Sa\u011fl\u0131\u011f\u0131 Departman\u0131\u2019nda bilimsel \u00e7al\u0131\u015fmalar\u0131na devam etmi\u015ftir. Avrupa \u00dcreme Sa\u011fl\u0131\u011f\u0131 Cemiyeti taraf\u0131ndan 1996 y\u0131l\u0131nda, testis biyopsisi yolu ile elde edilen spermler \u00fczerinde yapt\u0131\u011f\u0131 \u00e7al\u0131\u015fmayla d\u00fcnyada gelecek vadeden ba\u015far\u0131l\u0131 ilk 10 gen\u00e7 bilim adam\u0131 aras\u0131nda g\u00f6sterilmi\u015ftir. T\u00fcp bebek, mikroenjeksiyon ve kad\u0131n hastal\u0131klar\u0131 konusunda uluslararas\u0131 dergilerde yay\u0131nlanm\u0131\u015f 50 makalesi, 55 uluslararas\u0131 tebli\u011fi ve bu \u00e7al\u0131\u015fmalar\u0131na yabanc\u0131 ara\u015ft\u0131rmac\u0131lar taraf\u0131ndan yap\u0131lm\u0131\u015f 45 sitasyonu mevcut olan Dr. Ta\u015fdemir Oxford \u00dcniversitesi taraf\u0131ndan yay\u0131nlanan \u201cHuman Reproduction\u201d dergisinin bilimsel yay\u0131n komitesinde yedi y\u0131l g\u00f6rev alm\u0131\u015ft\u0131r. Dr. Ta\u015fdemir Avrupa, Amerika ve Japonya\u2019da be\u015f uluslararas\u0131 bilimsel cemiyetin aktif \u00fcyesidir ve \u00e7al\u0131\u015fmalar\u0131n\u0131 Ferti-Jin Kad\u0131n Sa\u011fl\u0131\u011f\u0131 ve Yard\u0131mc\u0131 \u00dcreme Teknikleri Merkezi\u2019nde s\u00fcrd\u00fcrm\u00fc\u015ft\u00fcr.<\/p><p>Ferti-Jin Kad\u0131n Sa\u011fl\u0131\u011f\u0131 ve Yard\u0131mc\u0131 \u00dcreme Teknikleri Merkezi\u2019nin kurucular\u0131ndan de\u011ferli bilim adam\u0131 Dr. Murat Ta\u015fdemir, 6 Eyl\u00fcl 2002 ak\u015fam\u0131 ge\u00e7irdi\u011fi trafik kazas\u0131 sonucu e\u015fi Dr. I\u015f\u0131k Ta\u015fdemir ile birlikte hayata veda etmi\u015ftir. Ruhu \u015fad olsun.<\/p>\t\t\t\t\t\t\t\t<\/div>\n\t\t\t\t<\/div>\n\t\t<div class=\"elementor-element elementor-element-f125aed e-con-full e-flex e-con e-child\" data-id=\"f125aed\" data-element_type=\"container\">\n\t\t\t\t<div class=\"elementor-element elementor-element-55af040 elementor-widget elementor-widget-image\" data-id=\"55af040\" data-element_type=\"widget\" data-widget_type=\"image.default\">\n\t\t\t\t\t\t\t\t\t\t\t\t\t\t\t<img loading=\"lazy\" decoding=\"async\" width=\"530\" height=\"529\" src=\"https:\/\/fideshealth.com\/fertijin\/wp-content\/uploads\/2025\/09\/murat-tasdemir-kimdir.jpg\" class=\"attachment-large size-large wp-image-1176\" alt=\"\" srcset=\"https:\/\/fideshealth.com\/fertijin\/wp-content\/uploads\/2025\/09\/murat-tasdemir-kimdir.jpg 530w, https:\/\/fideshealth.com\/fertijin\/wp-content\/uploads\/2025\/09\/murat-tasdemir-kimdir-300x300.jpg 300w, https:\/\/fideshealth.com\/fertijin\/wp-content\/uploads\/2025\/09\/murat-tasdemir-kimdir-150x150.jpg 150w\" sizes=\"(max-width: 530px) 100vw, 530px\" \/>\t\t\t\t\t\t\t\t\t\t\t\t\t\t\t<\/div>\n\t\t\t\t<\/div>\n\t\t\t\t<\/div>\n\t\t<div class=\"elementor-element elementor-element-33dd0b4 e-con-full e-flex e-con e-child\" data-id=\"33dd0b4\" data-element_type=\"container\" data-settings=\"{&quot;background_background&quot;:&quot;classic&quot;,&quot;background_motion_fx_motion_fx_scrolling&quot;:&quot;yes&quot;,&quot;background_motion_fx_devices&quot;:[&quot;widescreen&quot;,&quot;desktop&quot;,&quot;laptop&quot;,&quot;tablet_extra&quot;,&quot;tablet&quot;,&quot;mobile_extra&quot;,&quot;mobile&quot;]}\">\n\t\t<div class=\"elementor-element elementor-element-5a187ac e-con-full e-flex e-con e-child\" data-id=\"5a187ac\" data-element_type=\"container\">\n\t\t<div class=\"elementor-element elementor-element-78a7891 e-con-full e-flex e-con e-child\" data-id=\"78a7891\" data-element_type=\"container\">\n\t\t<div class=\"elementor-element elementor-element-c653520 e-con-full e-flex e-con e-child\" data-id=\"c653520\" data-element_type=\"container\">\n\t\t\t\t<div class=\"elementor-element elementor-element-1000785 phone elementor-view-default elementor-widget elementor-widget-icon\" data-id=\"1000785\" data-element_type=\"widget\" data-widget_type=\"icon.default\">\n\t\t\t\t\t\t\t<div class=\"elementor-icon-wrapper\">\n\t\t\t<div class=\"elementor-icon\">\n\t\t\t<svg xmlns=\"http:\/\/www.w3.org\/2000\/svg\" id=\"katman_1\" data-name=\"katman 1\" viewBox=\"0 0 384 384\"><g><path d=\"M212.01,280.32c6.5-.73,24.17-.98,29.94,1.1,3.56,1.28,7.1,5.85,7.63,9.58.73,5.14.62,22.57-1.3,26.97-1.63,3.74-5.38,6.48-9.49,6.98-4.99.61-27.53.61-31.68-.6-4.93-1.44-7.9-6.04-8.46-11-.5-4.4-.6-19.62.33-23.59,1.46-6.28,7.23-8.78,13.02-9.44ZM211.41,293.55v18.68h25.49v-18.68h-25.49Z\"><\/path><path d=\"M208.21,223.5c5.07-.92,25.95-.86,31.25-.11,4.75.67,9.4,5.36,10.14,10.07.67,4.26.61,18.72.06,23.13-.69,5.65-5.2,10.18-10.89,10.82-6.61.74-22.6.71-29.25,0-5.28-.56-10-4.85-10.82-10.13-.63-4.01-.63-19.8,0-23.82.68-4.35,5.07-9.15,9.5-9.96ZM211.41,236.02v18.68h25.49v-18.68h-25.49Z\"><\/path><path d=\"M275.73,280.31c5.46-.66,17.72-.75,22.84.74s8.25,6.28,8.82,11.38c.53,4.7.57,16.99-.07,21.6-.82,5.92-5.7,10.27-11.55,10.9-4.97.54-17.56.59-22.43-.07-3.38-.46-7.7-3.45-9.34-6.38-2.23-4-2.07-19.52-1.63-24.58.74-8.49,4.98-12.58,13.36-13.59ZM275.15,293.55v18.68h19.5v-18.68h-19.5Z\"><\/path><path d=\"M266.41,226.57c.74-.69,3.51-2.38,4.44-2.68,3.2-1.03,22.56-1.12,26.37-.52,5.12.8,9.41,5.86,10.1,10.85.63,4.55.59,21.25-.84,25.18-1.42,3.91-5.01,7.33-9.28,7.94s-22.98.59-26.35-.51c-2.93-.95-6.19-4.04-7.31-6.91-1.81-4.63-1.85-24.51-.01-29.13.37-.94,2.17-3.55,2.89-4.22ZM275.15,236.02v18.68h19.5v-18.68h-19.5Z\"><\/path><path d=\"M247.89,346.11c4.59,4.58.5,10.28-5.36,10.94-7.57.86-30.04.97-37.42-.07-8.56-1.2-8.38-11.75-.85-12.67,7.86-.96,31.94-.96,39.8,0,1.41.17,2.84.8,3.83,1.79Z\"><\/path><path d=\"M205.26,50.96c36.32-2.59,73.33-1.25,93.26,33.65,23.28,40.75-3.13,95.97-50.75,99.86-17.59,1.44-50.21,1.64-66.1-5.09-64.49-27.32-48.77-123.25,23.6-128.41ZM278.63,79.39c-18.14-18.08-46.39-17.42-70.59-15.94-73.04,4.44-68.68,103.59-5.29,108.35,13.04.98,42.77,1.29,54.55-2.49,38.21-12.25,49.73-61.62,21.33-89.92Z\"><\/path><path d=\"M190.18,110c3.04,2.77,1.39,12.24,1.75,16.56.72,8.69,4.91,16.62,13.82,19.1,5.17,1.44,27.8,1.39,33.78.71,10.48-1.18,16.05-10.12,16.86-19.81.46-5.55-2.57-17.74,5.68-18.27,11.22-.71,6.96,24.4,4.66,30.81-3.35,9.29-13.99,18.14-23.79,19.63-8.77,1.34-36.13,1.25-43.92-1.89-16.63-6.69-21.74-24.91-19.85-41.48.67-5.88,6.41-9.55,11.01-5.36Z\"><\/path><path d=\"M200.4,106.53c-.92-.84-1.61-2.58-1.77-3.84-.49-3.98-.53-17.08.08-20.91,1.1-6.94,11.24-7.03,12.53.14.65,3.63.71,17.05.14,20.7-.8,5.08-7.07,7.46-10.97,3.91Z\"><\/path><path d=\"M247.92,106.53c-3.9,3.54-10.16,1.17-10.97-3.91-.58-3.65-.51-17.07.14-20.7,1.28-7.17,11.42-7.07,12.53-.14.61,3.83.56,16.93.08,20.91-.15,1.26-.85,3-1.77,3.84Z\"><\/path><path d=\"M338.89,160.93c-1.62-1.5-5.65-3.32-6.01-5.21l-.51-141.45c-3.77-13.92-21.65-19.2-32.21-8.84-1.44,1.41-5.52,8.11-5.52,9.82v21.29c-11.68-5.46-24.05-10.27-37.12-11.2-18.57-1.32-46.57-1.17-65.22,0-44.05,2.77-78.4,38.54-76.86,82.93-11.07-1.73-23.87,4.24-25.43,16.12-2.33,17.67,1.34,40.44.27,58.63,3.19,11.62,13.95,15.54,25.17,14.9v12.7h-10.88c-4.75,0-11.84,7.61-13.49,11.97-.35.92-.62,2.26-.83,3.84,4.51-.83,9.15-1.28,13.9-1.31,2.57-2.8,7.93-1.57,11.29-1.79v2.53c4.37.59,8.63,1.52,12.75,2.8v-18.03h191.95v98.25c0,32.33-34.2,59.17-64.82,60.93-22.25,1.28-68.22,2.53-87.66-6.12-2.13-.95-4.27-2.1-6.39-3.42-3.13,3.18-6.53,6.09-10.15,8.71,11,7.47,23.75,12.32,37.06,13.49,22.95,2,47.33,2.11,71.98,0,32.01-3.81,59.72-25.22,69.18-56.21,7.1-23.28,1.99-50.58,3.54-74.75,31.6-22.07,34.38-64.25,6.02-90.57ZM332.88,173.26c16.95,15.59,17.08,45.74,0,61.26v-61.26ZM115.43,184.47c-6.22-.08-12.06,1.59-12.78-6.31-1.51-16.5,1.07-35.43.19-52.18,1.87-5.61,7.6-5.2,12.59-5.01v63.5ZM307.35,19.7c.5-5.42,5.31-9.41,10.17-5.58.62.48,2.61,2.9,2.61,3.37v43.71l-12.02-13.8c-1.23-2.6-1.14-23.6-.76-27.7ZM320.14,197.92h-191.95v-98.99c0-21.47,20.46-46.35,39.47-54.81,19.12-8.5,65.03-7.41,86.9-6.12,35.52,2.11,63.32,28.13,65.61,63.88l-.03,96.04Z\"><\/path><path d=\"M184.8,230.79c-.37-.94-2.17-3.55-2.89-4.22-.74-.69-3.51-2.38-4.44-2.68-3.2-1.03-22.56-1.12-26.37-.52-5.03.78-9.24,5.67-10.05,10.58,4.48,2.31,8.7,5.04,12.63,8.13v-6.05h19.5v18.68h-6.69c3.15,3.9,5.94,8.11,8.32,12.57,1.2-.12,2.14-.27,2.68-.44,2.93-.95,6.19-4.04,7.31-6.91,1.81-4.63,1.85-24.51.01-29.13Z\"><\/path><\/g><g><path d=\"M145.88,372c3.2-1.5,11.26-8.57,11.26-8.57,35.76-31.93,35.59-87.79-1.16-119.04-11.66-9.92-25.23-15.28-40.15-18.39l-11.2-.28c-56.7-.02-95.01,57.67-72.65,109.98.98,2.29,3.43,7.62,4.81,9.39,2.77,3.58,7.04-3.32,10.84-3.71-24.34-38.18-5.67-89.55,38.25-101.87,62.65-17.57,112,53.76,73.06,105.55-25.39,33.76-75.38,35.83-104.29,5.34l-8.51,7.04c10.02,10.99,23.18,19.1,37.67,22.96,3.66.97,9.71,2.79,13.32,2.79,20.51,0,37.43-5.89,48.75-11.2Z\"><\/path><path d=\"M118.13,291.39h-19.88c-19.34,0-28.47,25.03-15.37,38.43,1.78,1.82,9.39,6.35,11.62,6.35h43.88v11.2h-44.62c-5.87,0-17.16-7.41-20.94-12-17.27-21-2.34-55.17,25.44-55.17h19.12l-9.74-10.08,7.86-7.82,23.57,23.6-22.92,23.35-7.72-7.68,9.7-10.18Z\"><\/path><path d=\"M60.11,264.62l10.44.62-.38,10.87-10.96-.35c-.27-2.18-1.29-10.42.9-11.14Z\"><\/path><\/g><\/svg>\t\t\t<\/div>\n\t\t<\/div>\n\t\t\t\t\t\t<\/div>\n\t\t\t\t<\/div>\n\t\t<div class=\"elementor-element elementor-element-ac845c9 e-con-full e-flex e-con e-child\" data-id=\"ac845c9\" data-element_type=\"container\">\n\t\t\t\t<div class=\"elementor-element elementor-element-d780c14 elementor-widget elementor-widget-heading\" data-id=\"d780c14\" data-element_type=\"widget\" data-widget_type=\"heading.default\">\n\t\t\t\t\t<p class=\"elementor-heading-title elementor-size-default\">Sizi Arayal\u0131m!<\/p>\t\t\t\t<\/div>\n\t\t\t\t<div class=\"elementor-element elementor-element-ca28dfe elementor-widget elementor-widget-heading\" data-id=\"ca28dfe\" data-element_type=\"widget\" data-widget_type=\"heading.default\">\n\t\t\t\t\t<span class=\"elementor-heading-title elementor-size-default\">Akl\u0131n\u0131zdaki t\u00fcm sorular i\u00e7in buraday\u0131z. <\/br>Numaran\u0131z\u0131 b\u0131rak\u0131n biz sizi arayal\u0131m.<\/span>\t\t\t\t<\/div>\n\t\t\t\t<\/div>\n\t\t\t\t<\/div>\n\t\t\t\t<div class=\"elementor-element elementor-element-208335d elementor-button-align-stretch elementor-widget elementor-widget-form\" data-id=\"208335d\" data-element_type=\"widget\" data-settings=\"{&quot;button_width&quot;:&quot;33&quot;,&quot;step_next_label&quot;:&quot;Next&quot;,&quot;step_previous_label&quot;:&quot;Previous&quot;,&quot;step_type&quot;:&quot;number_text&quot;,&quot;step_icon_shape&quot;:&quot;circle&quot;}\" data-widget_type=\"form.default\">\n\t\t\t\t\t\t\t<form class=\"elementor-form\" method=\"post\" name=\"sizi arayal\u0131m\" aria-label=\"sizi arayal\u0131m\">\n\t\t\t<input type=\"hidden\" name=\"post_id\" value=\"1077\"\/>\n\t\t\t<input type=\"hidden\" name=\"form_id\" value=\"208335d\"\/>\n\t\t\t<input type=\"hidden\" name=\"referer_title\" value=\"Kurucular\u0131m\u0131z\" \/>\n\n\t\t\t\t\t\t\t<input type=\"hidden\" name=\"queried_id\" value=\"1077\"\/>\n\t\t\t\n\t\t\t<div class=\"elementor-form-fields-wrapper elementor-labels-above\">\n\t\t\t\t\t\t\t\t<div class=\"elementor-field-type-text elementor-field-group elementor-column elementor-field-group-name elementor-col-33\">\n\t\t\t\t\t\t\t\t\t\t\t\t<label for=\"form-field-name\" class=\"elementor-field-label\">\n\t\t\t\t\t\t\t\tAd-soyad\t\t\t\t\t\t\t<\/label>\n\t\t\t\t\t\t\t\t\t\t\t\t\t\t<input size=\"1\" type=\"text\" name=\"form_fields[name]\" id=\"form-field-name\" class=\"elementor-field elementor-size-sm  elementor-field-textual\" placeholder=\"Ad\u0131n\u0131z Soyad\u0131n\u0131z\">\n\t\t\t\t\t\t\t\t\t\t\t<\/div>\n\t\t\t\t\t\t\t\t<div class=\"elementor-field-type-tel elementor-field-group elementor-column elementor-field-group-email elementor-col-33 elementor-field-required\">\n\t\t\t\t\t\t\t\t\t\t\t\t<label for=\"form-field-email\" class=\"elementor-field-label\">\n\t\t\t\t\t\t\t\ttelefon\t\t\t\t\t\t\t<\/label>\n\t\t\t\t\t\t<span class=\"ccfef-editor-intl-input\" data-id=\"form-field-email\" data-field-id=\"83bc513\" data-default-country=\"tr\" data-include-countries=\"\" data-exclude-countries=\"\" data-dial-code-visibility=\"\" data-strict-mode=\"yes\" style=\"display: none;\"><\/span>\t\t<input size=\"1\" type=\"tel\" name=\"form_fields[email]\" id=\"form-field-email\" class=\"elementor-field elementor-size-sm  elementor-field-textual\" placeholder=\"Telefon Numaran\u0131z\" required=\"required\" pattern=\"[0-9()#&amp;+*-=.]+\" title=\"Only numbers and phone characters (#, -, *, etc) are accepted.\">\n\n\t\t\t\t\t\t<\/div>\n\t\t\t\t\t\t\t\t<div class=\"elementor-field-group elementor-column elementor-field-type-submit elementor-col-33 e-form__buttons\">\n\t\t\t\t\t<button class=\"elementor-button elementor-size-sm\" type=\"submit\">\n\t\t\t\t\t\t<span class=\"elementor-button-content-wrapper\">\n\t\t\t\t\t\t\t\t\t\t\t\t\t\t\t\t\t\t\t\t\t\t<span class=\"elementor-button-text\">G\u00f6nder<\/span>\n\t\t\t\t\t\t\t\t\t\t\t\t\t<\/span>\n\t\t\t\t\t<\/button>\n\t\t\t\t<\/div>\n\t\t\t<\/div>\n\t\t<\/form>\n\t\t\t\t\t\t<\/div>\n\t\t\t\t<\/div>\n\t\t\t\t<\/div>\n\t\t\t\t<\/div>\n\t\t\t\t<\/div>\n\t\t","protected":false},"excerpt":{"rendered":"<p>Ana Sayfa \u00bb Blog \u00bb Parent Category \u00bb Category \u00bb Page Title Yolculu\u011fumuza ilmek ilmek dokunmu\u015f olan iki de\u011ferli ismi \u2014 Dr. I\u015f\u0131k Ta\u015fdemir ve Op. Dr. Murat Ta\u015fdemir \u2014 sayg\u0131 ve minnetle an\u0131yoruz. Onlar yaln\u0131zca bir t\u00fcp bebek merkezi kurucular\u0131 de\u011fil; umut dolu yar\u0131nlara inanan, aile kurma hayallerini ger\u00e7ek k\u0131lmak i\u00e7in yola \u00e7\u0131kan bir [&hellip;]<\/p>\n","protected":false},"author":1,"featured_media":0,"parent":2492,"menu_order":0,"comment_status":"closed","ping_status":"closed","template":"","meta":{"_acf_changed":false,"footnotes":""},"class_list":["post-1077","page","type-page","status-publish","hentry"],"acf":[],"_links":{"self":[{"href":"https:\/\/fideshealth.com\/fertijin\/wp-json\/wp\/v2\/pages\/1077","targetHints":{"allow":["GET"]}}],"collection":[{"href":"https:\/\/fideshealth.com\/fertijin\/wp-json\/wp\/v2\/pages"}],"about":[{"href":"https:\/\/fideshealth.com\/fertijin\/wp-json\/wp\/v2\/types\/page"}],"author":[{"embeddable":true,"href":"https:\/\/fideshealth.com\/fertijin\/wp-json\/wp\/v2\/users\/1"}],"replies":[{"embeddable":true,"href":"https:\/\/fideshealth.com\/fertijin\/wp-json\/wp\/v2\/comments?post=1077"}],"version-history":[{"count":0,"href":"https:\/\/fideshealth.com\/fertijin\/wp-json\/wp\/v2\/pages\/1077\/revisions"}],"up":[{"embeddable":true,"href":"https:\/\/fideshealth.com\/fertijin\/wp-json\/wp\/v2\/pages\/2492"}],"wp:attachment":[{"href":"https:\/\/fideshealth.com\/fertijin\/wp-json\/wp\/v2\/media?parent=1077"}],"curies":[{"name":"wp","href":"https:\/\/api.w.org\/{rel}","templated":true}]}}